{"id":30558,"date":"2024-01-11T19:55:31","date_gmt":"2024-01-11T18:55:31","guid":{"rendered":"https:\/\/lacitedepierres.com\/management-protection\/"},"modified":"2025-03-16T13:12:17","modified_gmt":"2025-03-16T12:12:17","slug":"management-protection","status":"publish","type":"page","link":"https:\/\/lacitedepierres.com\/en\/understand\/management-protection\/","title":{"rendered":"Management &#038; Protection"},"content":{"rendered":"<p>[et_pb_section fb_built=&#8221;1&#8243; _builder_version=&#8221;4.23.4&#8243; _module_preset=&#8221;default&#8221; custom_padding=&#8221;90px||90px||true|false&#8221; locked=&#8221;off&#8221; collapsed=&#8221;on&#8221; global_colors_info=&#8221;{}&#8221;][et_pb_row _builder_version=&#8221;4.23.4&#8243; _module_preset=&#8221;default&#8221; global_colors_info=&#8221;{}&#8221;][et_pb_column type=&#8221;4_4&#8243; _builder_version=&#8221;4.23.4&#8243; _module_preset=&#8221;default&#8221; global_colors_info=&#8221;{}&#8221;][dsm_text_notation notation_text=&#8221;Management &amp; Protection&#8221; notation_color=&#8221;#8BC0CC&#8221; _builder_version=&#8221;4.24.0&#8243; _module_preset=&#8221;628c0914-d2dd-43fa-b9dc-280954509b32&#8243; global_colors_info=&#8221;{}&#8221;][\/dsm_text_notation][\/et_pb_column][\/et_pb_row][et_pb_row column_structure=&#8221;1_2,1_2&#8243; _builder_version=&#8221;4.23.4&#8243; _module_preset=&#8221;default&#8221; global_colors_info=&#8221;{}&#8221;][et_pb_column type=&#8221;1_2&#8243; _builder_version=&#8221;4.23.4&#8243; _module_preset=&#8221;default&#8221; global_colors_info=&#8221;{}&#8221;][et_pb_text _builder_version=&#8221;4.24.3&#8243; _module_preset=&#8221;default&#8221; global_colors_info=&#8221;{}&#8221;]<\/p>\n<h2><mark>History<\/mark><\/h2>\n<p>Until the end of the 1930s, the Cit\u00e9 de Pierres site was <strong>totally closed in with no access roads or tracks<\/strong> making it <strong>almost completely inaccessible<\/strong> except by a mule-track climbing up from the bottom of the Dourbie Gorge.<\/p>\n<p>It was difficult to move around the site because of its <strong>steep topography<\/strong> and <strong>dense vegetation.<\/strong><\/p>\n<p>Only a <strong>few privileged<\/strong> individuals had been able to discover the site with the <strong>help of guides<\/strong> at a time where tourism within France was only just beginning and <strong>much finance<\/strong> was required for both the tourists themselves and for the construction of the <strong>necessary infrastructure.<\/strong><\/p>\n<p>Having already opened the Aven Armand up to the public in 1927, the <strong>\u2018Soci\u00e9t\u00e9 de l\u2019Aven Armand\u2019<\/strong>, itself founded in 1925, therefore decided to <strong>invest in Montpellier-le-Vieux at the end of the 1930s.<\/strong><\/p>\n<p>The aim was to male this <strong>\u2018Cit\u00e9 des Pierres\u2019 accessible to the general public<\/strong>, just as the society has done for <a href=\"https:\/\/avenarmand.com\/\" target=\"_blank\" rel=\"noopener\">Aven Armand<\/a>, such that it could become a major contributor to <strong>developing tourism in the region.<\/strong><\/p>\n<p>The adventure began with the <strong>acquisition of the land<\/strong> and the <strong>first phase of works.<\/strong><\/p>\n<p>[\/et_pb_text][\/et_pb_column][et_pb_column type=&#8221;1_2&#8243; _builder_version=&#8221;4.23.4&#8243; _module_preset=&#8221;default&#8221; global_colors_info=&#8221;{}&#8221;][et_pb_text _builder_version=&#8221;4.24.0&#8243; _module_preset=&#8221;default&#8221; global_colors_info=&#8221;{}&#8221;]<\/p>\n<h2><mark>Today<\/mark><\/h2>\n<p>Now, more than <strong>80 years later<\/strong>, <strong>more than a million visitors<\/strong> have been able to discover this marvellous site <strong>thanks to a series of works programs.<\/strong><\/p>\n<p>Whilst the site is truly exceptional for its <strong>giant rock formations and panoramic views<\/strong>, it is also home to a <strong>remarkable wealth of wildlife.<\/strong><\/p>\n<p>[\/et_pb_text][et_pb_image src=&#8221;https:\/\/citedepierres.wepaul.com\/wp-content\/uploads\/2024\/02\/gestion-et-protection-01.jpg&#8221; title_text=&#8221;gestion-et-protection-01&#8243; _builder_version=&#8221;4.24.0&#8243; _module_preset=&#8221;default&#8221; global_colors_info=&#8221;{}&#8221;][\/et_pb_image][\/et_pb_column][\/et_pb_row][\/et_pb_section][et_pb_section fb_built=&#8221;1&#8243; _builder_version=&#8221;4.23.4&#8243; _module_preset=&#8221;default&#8221; background_color=&#8221;#F4E3CC&#8221; custom_padding=&#8221;||0px|||&#8221; global_colors_info=&#8221;{}&#8221;][et_pb_row _builder_version=&#8221;4.23.4&#8243; _module_preset=&#8221;default&#8221; max_width=&#8221;100%&#8221; global_colors_info=&#8221;{}&#8221;][et_pb_column type=&#8221;4_4&#8243; _builder_version=&#8221;4.23.4&#8243; _module_preset=&#8221;default&#8221; global_colors_info=&#8221;{}&#8221;][et_pb_text _builder_version=&#8221;4.24.3&#8243; _module_preset=&#8221;default&#8221; global_colors_info=&#8221;{}&#8221;]<\/p>\n<h2><mark>Our values<\/mark><\/h2>\n<p>We have a <strong>responsibility and commitment<\/strong> to <strong>preserving<\/strong> and <strong>conserving<\/strong> the natural equilibrium whilst also allowing<strong> tens of thousands of visitors<\/strong> to discover the Cit\u00e9 de Pierres <strong>each year.<\/strong><\/p>\n<p>[\/et_pb_text][\/et_pb_column][\/et_pb_row][et_pb_row column_structure=&#8221;1_2,1_2&#8243; make_equal=&#8221;on&#8221; _builder_version=&#8221;4.24.0&#8243; _module_preset=&#8221;default&#8221; max_width=&#8221;100%&#8221; global_colors_info=&#8221;{}&#8221;][et_pb_column type=&#8221;1_2&#8243; _builder_version=&#8221;4.24.0&#8243; _module_preset=&#8221;default&#8221; global_colors_info=&#8221;{}&#8221;][et_pb_image src=&#8221;https:\/\/citedepierres.wepaul.com\/wp-content\/uploads\/2024\/01\/acceder-1.jpg&#8221; title_text=&#8221;acce\u0301der&#8221; _builder_version=&#8221;4.24.0&#8243; _module_preset=&#8221;default&#8221; custom_margin=&#8221;0px||0px||true|false&#8221; custom_padding=&#8221;0px||0px||true|false&#8221; global_colors_info=&#8221;{}&#8221;][\/et_pb_image][et_pb_text _builder_version=&#8221;4.24.3&#8243; _module_preset=&#8221;default&#8221; background_color=&#8221;#efefef&#8221; custom_margin=&#8221;0px||0px||true|false&#8221; custom_padding=&#8221;20px|30px|50px|30px|false|true&#8221; global_colors_info=&#8221;{}&#8221; background__hover_enabled=&#8221;on|hover&#8221; background_color__hover=&#8221;#FFFFFF&#8221; background_enable_color__hover=&#8221;on&#8221;]<\/p>\n<h2><span style=\"text-decoration: underline;\">Access and discovery<\/span><\/h2>\n<ul>\n<li>The Cit\u00e9 de Pierres is <strong>easy for everyone<\/strong> to access (families, children and seniors).<\/li>\n<li>Construction of a <strong>road access<\/strong> to provide vehicle access and development of a car-park and sanitary facilities the meet environmental standards as well as <strong>free drinking water fountains<\/strong> and a visitor <strong>reception and orientation office.<\/strong><\/li>\n<li><strong>Creation, maintenance and clearance of sign-posted walking trails<\/strong> with explanatory signs at points of interest.<\/li>\n<li>Installation of <strong>relaxation and picnic areas.<\/strong><\/li>\n<li>Installation of a <strong>children\u2019s playground.<\/strong><\/li>\n<li>Creation of <strong>alternative ways<\/strong> to discover the Cit\u00e9 de Pierres to suit everyone\u2019s preferences: effortless, sporting or fun (miniature train, via ferrata &amp; zip-lines or adventure games).<\/li>\n<\/ul>\n<p>[\/et_pb_text][et_pb_image src=&#8221;https:\/\/citedepierres.wepaul.com\/wp-content\/uploads\/2024\/01\/securiser-et-informer-1.jpg&#8221; title_text=&#8221;securiser-et-informer&#8221; _builder_version=&#8221;4.23.4&#8243; _module_preset=&#8221;default&#8221; custom_margin=&#8221;0px||0px||true|false&#8221; custom_padding=&#8221;0px||0px||true|false&#8221; global_colors_info=&#8221;{}&#8221;][\/et_pb_image][et_pb_text _builder_version=&#8221;4.24.0&#8243; _module_preset=&#8221;default&#8221; background_color=&#8221;#efefef&#8221; custom_margin=&#8221;0px||0px||true|false&#8221; custom_padding=&#8221;20px|30px|50px|30px|false|true&#8221; global_colors_info=&#8221;{}&#8221; background_color__hover=&#8221;#FFFFFF&#8221; background__hover_enabled=&#8221;on|hover&#8221; background_enable_color__hover=&#8221;on&#8221;]<\/p>\n<h2><span style=\"text-decoration: underline;\">Security and information<\/span><\/h2>\n<ul>\n<li>In some areas the paths become too steep such that <strong>stairs and protective railings<\/strong> had to be installed. These need to be maintained, or even extended in the event of new rock falls, on an annual basis.<\/li>\n<li>There has to be <strong>emergency first aid<\/strong> and rescue available in the event of a visitor accident.<\/li>\n<li><strong>Information, guidelines.<\/strong> All of our visitors love nature but sometimes it is difficult to do away with our daily habits, sometimes just because we are distracted.<\/li>\n<li>Informing visitors and reminding them that there are basic rules that must be followed in order to visit the Cit\u00e9 de Pierres under the best possible conditions.<\/li>\n<li><strong>Fire risk awareness<\/strong>. Implementation of alert and evacuation procedures. Installation of shelters at specific points across the site.<\/li>\n<\/ul>\n<p>[\/et_pb_text][et_pb_image src=&#8221;https:\/\/citedepierres.wepaul.com\/wp-content\/uploads\/2024\/02\/gestion-et-protection-02.jpg&#8221; title_text=&#8221;gestion-et-protection-02&#8243; _builder_version=&#8221;4.24.0&#8243; _module_preset=&#8221;default&#8221; custom_margin=&#8221;0px||0px||true|false&#8221; custom_padding=&#8221;0px||0px||true|false&#8221; global_colors_info=&#8221;{}&#8221;][\/et_pb_image][et_pb_text _builder_version=&#8221;4.24.0&#8243; _module_preset=&#8221;default&#8221; background_color=&#8221;#efefef&#8221; custom_margin=&#8221;0px||0px||true|false&#8221; custom_padding=&#8221;20px|30px|50px|30px|false|true&#8221; global_colors_info=&#8221;{}&#8221; background_color__hover=&#8221;#FFFFFF&#8221; background__hover_enabled=&#8221;on|hover&#8221; background_enable_color__hover=&#8221;on&#8221;]<\/p>\n<h2><span style=\"text-decoration: underline;\">Operation<\/span><\/h2>\n<ul>\n<li>As many as <strong>15 people are required to run the site<\/strong> during the high season.<\/li>\n<li>The site is a private property, <strong>entrance<\/strong> and activity tickets are its <strong>only source of revenue.<\/strong><\/li>\n<\/ul>\n<p>These revenues:<\/p>\n<ul>\n<li><strong>finance the day-to-day operating and maintenance costs<\/strong> as a priority,<\/li>\n<li>what remains is used to finance essential <strong>investment<\/strong> projects to adapt the site to new visitor requirements where possible.<\/li>\n<\/ul>\n<p>[\/et_pb_text][\/et_pb_column][et_pb_column type=&#8221;1_2&#8243; _builder_version=&#8221;4.23.4&#8243; _module_preset=&#8221;default&#8221; global_colors_info=&#8221;{}&#8221;][et_pb_image src=&#8221;https:\/\/citedepierres.wepaul.com\/wp-content\/uploads\/2024\/01\/preserver-et-entretenir.jpg&#8221; title_text=&#8221;preserver-et-entretenir&#8221; _builder_version=&#8221;4.23.4&#8243; _module_preset=&#8221;default&#8221; custom_margin=&#8221;0px||0px||true|false&#8221; custom_padding=&#8221;0px||0px||true|false&#8221; global_colors_info=&#8221;{}&#8221;][\/et_pb_image][et_pb_text _builder_version=&#8221;4.24.0&#8243; _module_preset=&#8221;default&#8221; background_color=&#8221;#efefef&#8221; custom_margin=&#8221;0px||0px||true|false&#8221; custom_padding=&#8221;20px|30px|50px|30px|false|true&#8221; global_colors_info=&#8221;{}&#8221; background_color__hover=&#8221;#FFFFFF&#8221; background__hover_enabled=&#8221;on|hover&#8221; background_enable_color__hover=&#8221;on&#8221;]<\/p>\n<h2><span style=\"text-decoration: underline;\">Preserving and maintaining this listed natural site<\/span><\/h2>\n<p><img loading=\"lazy\" decoding=\"async\" class=\"wp-image-29720 alignnone size-medium\" src=\"https:\/\/citedepierres.wepaul.com\/wp-content\/uploads\/2024\/02\/gestion-et-protection-03-300x169.jpg\" alt=\"\" width=\"300\" height=\"169\" \/><\/p>\n<h3><strong>The forest <\/strong><\/h3>\n<p>For the most part the <strong>site is wooded<\/strong> with a number of rather invasive species.<\/p>\n<p>In its natural state the site would be practically impossible to access and a number of trails have been made to allow access.<\/p>\n<p>These trails need to be regularly <strong>cleared<\/strong> and fallen trees have to be evacuated.\u00a0 Without these maintenance works the vegetation would make the site impenetrable once more in but a few years.<\/p>\n<p>This is essential work that has to be done every year over a period of weeks at the start of the tourist season.<\/p>\n<p>At the same time, away from the trails, the population of trees grows constantly obstructing views of the giant rock formations.<\/p>\n<p>This forest is mostly coniferous an therefore presents a major fire risk.<\/p>\n<p>For these raisons a <strong>forest management<\/strong> plan is essential such that the \u2018resinous\u2019 conifer species can be gradually replaced with deciduous species whilst also trying to ensure<strong> maximum visibility of the rock formations.<\/strong> This management is especially difficult in the site\u2019s steeper zones.<\/p>\n<h3><img loading=\"lazy\" decoding=\"async\" class=\"wp-image-29722 alignnone size-medium\" src=\"https:\/\/citedepierres.wepaul.com\/wp-content\/uploads\/2024\/02\/gestion-et-protection-04-300x169.jpg\" alt=\"\" width=\"300\" height=\"169\" \/><\/h3>\n<h3><strong>Waste water<\/strong><\/h3>\n<p>Waste water from the sanitary facilities could have a catastrophic impact on the site since there is no nearby sewage connection.<\/p>\n<p>A simple sceptic tank would not be enough to cope with this to satisfaction.<\/p>\n<p>Therefore, a <strong>water purification plant<\/strong> has been installed to cope with the high numbers of visitors. This is made up of 5 successive tanks near to the car-park which have been buried for discretion.\u00a0 They need to be annually maintained to keep them operative.<\/p>\n<p><strong>Dry toilets<\/strong> have also been installed at the site\u2019s centre and the \u2018Citerne\u2019 roundabout.<\/p>\n<h3><strong>Waste:<\/strong><\/h3>\n<p><strong>Sorting bins<\/strong> are available on the car-park and picnic areas and are emptied daily.<\/p>\n<p>In spite of the <strong>information signs<\/strong>, we regularly find rubbish on or near to the trails and our team has to pick up site rubbish on a daily basis.<\/p>\n<p>&nbsp;<\/p>\n<p>&nbsp;<\/p>\n<p>&nbsp;<\/p>\n<p>[\/et_pb_text][\/et_pb_column][\/et_pb_row][\/et_pb_section]<\/p>\n","protected":false},"excerpt":{"rendered":"<p><div class=\"et_pb_module dsm_text_notation dsm_text_notation_0  et_pb_text_align_center et_pb_bg_layout_light\">\n\t\t\t\t\n\t\t\t\t\n\t\t\t\t\n\t\t\t\t\n\t\t\t\t\n\t\t\t\t\n\t\t\t\t<div class=\"et_pb_module_inner\">\n\t\t\t\t\t<h1 class=\"dsm-text-notation-main et_pb_module_header\"><span data-notation=\"[{&quot;type&quot;:&quot;highlight&quot;,&quot;color&quot;:&quot;#8BC0CC&quot;,&quot;stroke-width&quot;:&quot;1&quot;,&quot;iterations&quot;:&quot;2&quot;,&quot;brackets&quot;:&quot;left|right&quot;,&quot;viewport&quot;:&quot;80%&quot;,&quot;delay&quot;:&quot;0ms&quot;,&quot;divi-animate&quot;:&quot;none&quot;,&quot;divi-animate-duration&quot;:&quot;1000ms&quot;,&quot;divi-animate-delay&quot;:&quot;0ms&quot;}]\" class=\"dsm-text-notation-middle\">Management &amp; Protection<\/span><\/h1>\n\t\t\t\t<\/div>\n\t\t\t<\/div>History Until the end of the 1930s, the Cit\u00e9 de Pierres site was totally closed in with no access roads or tracks making it almost completely inaccessible except by a mule-track climbing up from the bottom of the Dourbie Gorge. It was difficult to move around the site because of its steep topography and dense vegetation. Only a few privileged individuals had been able to discover the site with the help of guides at a time where tourism within France was only just beginning and much finance was required for both the tourists themselves and for the construction of the necessary infrastructure. Having already opened the Aven Armand up to the public in 1927, the \u2018Soci\u00e9t\u00e9 de l\u2019Aven Armand\u2019, itself founded in 1925, therefore decided to invest in Montpellier-le-Vieux at the end of the 1930s. The aim was to male this \u2018Cit\u00e9 des Pierres\u2019 accessible to the general public, just as the society has done for Aven Armand, such that it could become a major contributor to developing tourism in the region. The adventure began with the acquisition of the land and the first phase of works.Today Now, more than 80 years later, [&hellip;]<\/p>\n","protected":false},"author":1,"featured_media":30461,"parent":30612,"menu_order":0,"comment_status":"closed","ping_status":"closed","template":"","meta":{"_et_pb_use_builder":"on","_et_pb_old_content":"","_et_gb_content_width":"","footnotes":""},"class_list":["post-30558","page","type-page","status-publish","has-post-thumbnail","hentry"],"yoast_head":"<!-- This site is optimized with the Yoast SEO plugin v27.4 - https:\/\/yoast.com\/product\/yoast-seo-wordpress\/ -->\n<title>La Cit\u00e9 de Pierres | Gestion et Protection du Site<\/title>\n<meta name=\"description\" content=\"Pr\u00e9server, prot\u00e9ger, entretenir, informer, s\u00e9curiser, faciliter l&#039;acc\u00e8s et g\u00e9rer le fonctionnement de La Cit\u00e9 de Pierres. D\u00e9couvrez nos valeurs et actions.\" \/>\n<meta name=\"robots\" content=\"index, follow, max-snippet:-1, max-image-preview:large, max-video-preview:-1\" \/>\n<link rel=\"canonical\" href=\"https:\/\/lacitedepierres.com\/en\/understand\/management-protection\/\" \/>\n<meta property=\"og:locale\" content=\"en_US\" \/>\n<meta property=\"og:type\" content=\"article\" \/>\n<meta property=\"og:title\" content=\"La Cit\u00e9 de Pierres | Gestion et Protection du Site\" \/>\n<meta property=\"og:description\" content=\"Pr\u00e9server, prot\u00e9ger, entretenir, informer, s\u00e9curiser, faciliter l&#039;acc\u00e8s et g\u00e9rer le fonctionnement de La Cit\u00e9 de Pierres. D\u00e9couvrez nos valeurs et actions.\" \/>\n<meta property=\"og:url\" content=\"https:\/\/lacitedepierres.com\/en\/understand\/management-protection\/\" \/>\n<meta property=\"og:site_name\" content=\"La Cit\u00e9 de Pierres\" \/>\n<meta property=\"article:modified_time\" content=\"2025-03-16T12:12:17+00:00\" \/>\n<meta property=\"og:image\" content=\"https:\/\/lacitedepierres.com\/wp-content\/uploads\/2024\/02\/gestion-protection.jpg\" \/>\n\t<meta property=\"og:image:width\" content=\"700\" \/>\n\t<meta property=\"og:image:height\" content=\"394\" \/>\n\t<meta property=\"og:image:type\" content=\"image\/jpeg\" \/>\n<meta name=\"twitter:card\" content=\"summary_large_image\" \/>\n<meta name=\"twitter:label1\" content=\"Est. reading time\" \/>\n\t<meta name=\"twitter:data1\" content=\"8 minutes\" \/>\n<script type=\"application\/ld+json\" class=\"yoast-schema-graph\">{\"@context\":\"https:\\\/\\\/schema.org\",\"@graph\":[{\"@type\":\"WebPage\",\"@id\":\"https:\\\/\\\/lacitedepierres.com\\\/en\\\/understand\\\/management-protection\\\/\",\"url\":\"https:\\\/\\\/lacitedepierres.com\\\/en\\\/understand\\\/management-protection\\\/\",\"name\":\"La Cit\u00e9 de Pierres | Gestion et Protection du Site\",\"isPartOf\":{\"@id\":\"https:\\\/\\\/lacitedepierres.com\\\/en\\\/#website\"},\"primaryImageOfPage\":{\"@id\":\"https:\\\/\\\/lacitedepierres.com\\\/en\\\/understand\\\/management-protection\\\/#primaryimage\"},\"image\":{\"@id\":\"https:\\\/\\\/lacitedepierres.com\\\/en\\\/understand\\\/management-protection\\\/#primaryimage\"},\"thumbnailUrl\":\"https:\\\/\\\/lacitedepierres.com\\\/wp-content\\\/uploads\\\/2024\\\/02\\\/gestion-protection.jpg\",\"datePublished\":\"2024-01-11T18:55:31+00:00\",\"dateModified\":\"2025-03-16T12:12:17+00:00\",\"description\":\"Pr\u00e9server, prot\u00e9ger, entretenir, informer, s\u00e9curiser, faciliter l'acc\u00e8s et g\u00e9rer le fonctionnement de La Cit\u00e9 de Pierres. D\u00e9couvrez nos valeurs et actions.\",\"breadcrumb\":{\"@id\":\"https:\\\/\\\/lacitedepierres.com\\\/en\\\/understand\\\/management-protection\\\/#breadcrumb\"},\"inLanguage\":\"en-US\",\"potentialAction\":[{\"@type\":\"ReadAction\",\"target\":[\"https:\\\/\\\/lacitedepierres.com\\\/en\\\/understand\\\/management-protection\\\/\"]}]},{\"@type\":\"ImageObject\",\"inLanguage\":\"en-US\",\"@id\":\"https:\\\/\\\/lacitedepierres.com\\\/en\\\/understand\\\/management-protection\\\/#primaryimage\",\"url\":\"https:\\\/\\\/lacitedepierres.com\\\/wp-content\\\/uploads\\\/2024\\\/02\\\/gestion-protection.jpg\",\"contentUrl\":\"https:\\\/\\\/lacitedepierres.com\\\/wp-content\\\/uploads\\\/2024\\\/02\\\/gestion-protection.jpg\",\"width\":700,\"height\":394},{\"@type\":\"BreadcrumbList\",\"@id\":\"https:\\\/\\\/lacitedepierres.com\\\/en\\\/understand\\\/management-protection\\\/#breadcrumb\",\"itemListElement\":[{\"@type\":\"ListItem\",\"position\":1,\"name\":\"Accueil\",\"item\":\"https:\\\/\\\/lacitedepierres.com\\\/en\\\/\"},{\"@type\":\"ListItem\",\"position\":2,\"name\":\"Our DNA\",\"item\":\"https:\\\/\\\/lacitedepierres.com\\\/en\\\/understand\\\/\"},{\"@type\":\"ListItem\",\"position\":3,\"name\":\"Management &#038; Protection\"}]},{\"@type\":\"WebSite\",\"@id\":\"https:\\\/\\\/lacitedepierres.com\\\/en\\\/#website\",\"url\":\"https:\\\/\\\/lacitedepierres.com\\\/en\\\/\",\"name\":\"La Cit\u00e9 de Pierres\",\"description\":\"\",\"potentialAction\":[{\"@type\":\"SearchAction\",\"target\":{\"@type\":\"EntryPoint\",\"urlTemplate\":\"https:\\\/\\\/lacitedepierres.com\\\/en\\\/?s={search_term_string}\"},\"query-input\":{\"@type\":\"PropertyValueSpecification\",\"valueRequired\":true,\"valueName\":\"search_term_string\"}}],\"inLanguage\":\"en-US\"}]}<\/script>\n<!-- \/ Yoast SEO plugin. -->","yoast_head_json":{"title":"La Cit\u00e9 de Pierres | Gestion et Protection du Site","description":"Pr\u00e9server, prot\u00e9ger, entretenir, informer, s\u00e9curiser, faciliter l'acc\u00e8s et g\u00e9rer le fonctionnement de La Cit\u00e9 de Pierres. D\u00e9couvrez nos valeurs et actions.","robots":{"index":"index","follow":"follow","max-snippet":"max-snippet:-1","max-image-preview":"max-image-preview:large","max-video-preview":"max-video-preview:-1"},"canonical":"https:\/\/lacitedepierres.com\/en\/understand\/management-protection\/","og_locale":"en_US","og_type":"article","og_title":"La Cit\u00e9 de Pierres | Gestion et Protection du Site","og_description":"Pr\u00e9server, prot\u00e9ger, entretenir, informer, s\u00e9curiser, faciliter l'acc\u00e8s et g\u00e9rer le fonctionnement de La Cit\u00e9 de Pierres. D\u00e9couvrez nos valeurs et actions.","og_url":"https:\/\/lacitedepierres.com\/en\/understand\/management-protection\/","og_site_name":"La Cit\u00e9 de Pierres","article_modified_time":"2025-03-16T12:12:17+00:00","og_image":[{"width":700,"height":394,"url":"https:\/\/lacitedepierres.com\/wp-content\/uploads\/2024\/02\/gestion-protection.jpg","type":"image\/jpeg"}],"twitter_card":"summary_large_image","twitter_misc":{"Est. reading time":"8 minutes"},"schema":{"@context":"https:\/\/schema.org","@graph":[{"@type":"WebPage","@id":"https:\/\/lacitedepierres.com\/en\/understand\/management-protection\/","url":"https:\/\/lacitedepierres.com\/en\/understand\/management-protection\/","name":"La Cit\u00e9 de Pierres | Gestion et Protection du Site","isPartOf":{"@id":"https:\/\/lacitedepierres.com\/en\/#website"},"primaryImageOfPage":{"@id":"https:\/\/lacitedepierres.com\/en\/understand\/management-protection\/#primaryimage"},"image":{"@id":"https:\/\/lacitedepierres.com\/en\/understand\/management-protection\/#primaryimage"},"thumbnailUrl":"https:\/\/lacitedepierres.com\/wp-content\/uploads\/2024\/02\/gestion-protection.jpg","datePublished":"2024-01-11T18:55:31+00:00","dateModified":"2025-03-16T12:12:17+00:00","description":"Pr\u00e9server, prot\u00e9ger, entretenir, informer, s\u00e9curiser, faciliter l'acc\u00e8s et g\u00e9rer le fonctionnement de La Cit\u00e9 de Pierres. D\u00e9couvrez nos valeurs et actions.","breadcrumb":{"@id":"https:\/\/lacitedepierres.com\/en\/understand\/management-protection\/#breadcrumb"},"inLanguage":"en-US","potentialAction":[{"@type":"ReadAction","target":["https:\/\/lacitedepierres.com\/en\/understand\/management-protection\/"]}]},{"@type":"ImageObject","inLanguage":"en-US","@id":"https:\/\/lacitedepierres.com\/en\/understand\/management-protection\/#primaryimage","url":"https:\/\/lacitedepierres.com\/wp-content\/uploads\/2024\/02\/gestion-protection.jpg","contentUrl":"https:\/\/lacitedepierres.com\/wp-content\/uploads\/2024\/02\/gestion-protection.jpg","width":700,"height":394},{"@type":"BreadcrumbList","@id":"https:\/\/lacitedepierres.com\/en\/understand\/management-protection\/#breadcrumb","itemListElement":[{"@type":"ListItem","position":1,"name":"Accueil","item":"https:\/\/lacitedepierres.com\/en\/"},{"@type":"ListItem","position":2,"name":"Our DNA","item":"https:\/\/lacitedepierres.com\/en\/understand\/"},{"@type":"ListItem","position":3,"name":"Management &#038; Protection"}]},{"@type":"WebSite","@id":"https:\/\/lacitedepierres.com\/en\/#website","url":"https:\/\/lacitedepierres.com\/en\/","name":"La Cit\u00e9 de Pierres","description":"","potentialAction":[{"@type":"SearchAction","target":{"@type":"EntryPoint","urlTemplate":"https:\/\/lacitedepierres.com\/en\/?s={search_term_string}"},"query-input":{"@type":"PropertyValueSpecification","valueRequired":true,"valueName":"search_term_string"}}],"inLanguage":"en-US"}]}},"_links":{"self":[{"href":"https:\/\/lacitedepierres.com\/en\/wp-json\/wp\/v2\/pages\/30558","targetHints":{"allow":["GET"]}}],"collection":[{"href":"https:\/\/lacitedepierres.com\/en\/wp-json\/wp\/v2\/pages"}],"about":[{"href":"https:\/\/lacitedepierres.com\/en\/wp-json\/wp\/v2\/types\/page"}],"author":[{"embeddable":true,"href":"https:\/\/lacitedepierres.com\/en\/wp-json\/wp\/v2\/users\/1"}],"replies":[{"embeddable":true,"href":"https:\/\/lacitedepierres.com\/en\/wp-json\/wp\/v2\/comments?post=30558"}],"version-history":[{"count":0,"href":"https:\/\/lacitedepierres.com\/en\/wp-json\/wp\/v2\/pages\/30558\/revisions"}],"up":[{"embeddable":true,"href":"https:\/\/lacitedepierres.com\/en\/wp-json\/wp\/v2\/pages\/30612"}],"wp:featuredmedia":[{"embeddable":true,"href":"https:\/\/lacitedepierres.com\/en\/wp-json\/wp\/v2\/media\/30461"}],"wp:attachment":[{"href":"https:\/\/lacitedepierres.com\/en\/wp-json\/wp\/v2\/media?parent=30558"}],"curies":[{"name":"wp","href":"https:\/\/api.w.org\/{rel}","templated":true}]}}